{"id":3639,"date":"2024-01-18T11:42:23","date_gmt":"2024-01-18T10:42:23","guid":{"rendered":"https:\/\/voiceoftheocean.org\/ocean-archive\/"},"modified":"2024-04-11T10:57:34","modified_gmt":"2024-04-11T08:57:34","slug":"ocean-archive","status":"publish","type":"page","link":"https:\/\/voiceoftheocean.org\/sv\/ocean-archive\/","title":{"rendered":"Ocean Archive"},"content":{"rendered":"\n<div class=\"wp-block-cover alignfull\" style=\"min-height:500px;aspect-ratio:unset;\"><span aria-hidden=\"true\" class=\"wp-block-cover__background has-background-dim-20 has-background-dim\"><\/span><img loading=\"lazy\" decoding=\"async\" width=\"1080\" height=\"721\" class=\"wp-block-cover__image-background wp-image-3558\" alt=\"\" src=\"https:\/\/voiceoftheocean.org\/wp-content\/uploads\/2024\/01\/web-dykare-bla.jpg\" style=\"object-position:50% 36%\" data-object-fit=\"cover\" data-object-position=\"50% 36%\" srcset=\"https:\/\/voiceoftheocean.org\/wp-content\/uploads\/2024\/01\/web-dykare-bla.jpg 1080w, https:\/\/voiceoftheocean.org\/wp-content\/uploads\/2024\/01\/web-dykare-bla-300x200.jpg 300w, https:\/\/voiceoftheocean.org\/wp-content\/uploads\/2024\/01\/web-dykare-bla-768x513.jpg 768w\" sizes=\"auto, (max-width: 1080px) 100vw, 1080px\" \/><div class=\"wp-block-cover__inner-container is-layout-flow wp-block-cover-is-layout-flow\">\n<h2 class=\"wp-block-heading has-text-align-center\">Ocean Archive<\/h2>\n\n\n\n<p class=\"has-text-align-center\">Ett arkiv f\u00f6r forskning och framtida generationer\u00a0<\/p>\n<\/div><\/div>\n\n\n\n<div class=\"wp-block-uagb-container uagb-block-59e9b06a alignfull uagb-is-root-container\"><div class=\"uagb-container-inner-blocks-wrap\">\n<p>Ocean archive \u00e4r ett projekt som str\u00e4var efter att skapa en samling av historiskt och nutida undervattensfoto, men \u00e4ven ett arkiv av oceanografiska dataset. Syftet med arkivet \u00e4r att skapa en framtidss\u00e4ker k\u00e4lla f\u00f6r information och visualisering om det som h\u00e4nder under ytan i havet. Arkivet vill fungera som en v\u00e4rdefull k\u00e4lla till utbildnings- och forskningsmaterial.\u00a0\u00a0\u00a0<\/p>\n\n\n\n<p>Teamet bakom Ocean archive kommer best\u00e5 av personer som letar historiskt material och samlar in nutida material. De har ocks\u00e5 som m\u00e5ls\u00e4ttning att vara en aktiv deltagare i gemenskapen f\u00f6r undervattensfotografi genom att bidra till arkivet och dela med sig av kunskap, metoder och material.\u00a0\u00a0<\/p>\n\n\n\n<p>Stiftelsen Voice of the Ocean vill g\u00f6ra m\u00e4nniskor uppm\u00e4rksamma p\u00e5 havet. Genom att skapa och f\u00f6rvalta arkivet kan vi visa vad som har h\u00e4nt i havet, b\u00e5de historiskt och fram till nutid. \u00a0<\/p>\n\n\n\n<p>Ocean Archive kommer att vara tillg\u00e4ngligt f\u00f6r forskning och utbildning.\u00a0\u00a0<\/p>\n<\/div><\/div>\n\n\n\n<div class=\"wp-block-uagb-container uagb-block-c54795d0 alignfull uagb-is-root-container\"><div class=\"uagb-container-inner-blocks-wrap\">\n<h2 class=\"wp-block-heading\">Kontakta oss!<\/h2>\n\n\n<script>\nvar gform;gform||(document.addEventListener(\"gform_main_scripts_loaded\",function(){gform.scriptsLoaded=!0}),document.addEventListener(\"gform\/theme\/scripts_loaded\",function(){gform.themeScriptsLoaded=!0}),window.addEventListener(\"DOMContentLoaded\",function(){gform.domLoaded=!0}),gform={domLoaded:!1,scriptsLoaded:!1,themeScriptsLoaded:!1,isFormEditor:()=>\"function\"==typeof InitializeEditor,callIfLoaded:function(o){return!(!gform.domLoaded||!gform.scriptsLoaded||!gform.themeScriptsLoaded&&!gform.isFormEditor()||(gform.isFormEditor()&&console.warn(\"The use of gform.initializeOnLoaded() is deprecated in the form editor context and will be removed in Gravity Forms 3.1.\"),o(),0))},initializeOnLoaded:function(o){gform.callIfLoaded(o)||(document.addEventListener(\"gform_main_scripts_loaded\",()=>{gform.scriptsLoaded=!0,gform.callIfLoaded(o)}),document.addEventListener(\"gform\/theme\/scripts_loaded\",()=>{gform.themeScriptsLoaded=!0,gform.callIfLoaded(o)}),window.addEventListener(\"DOMContentLoaded\",()=>{gform.domLoaded=!0,gform.callIfLoaded(o)}))},hooks:{action:{},filter:{}},addAction:function(o,r,e,t){gform.addHook(\"action\",o,r,e,t)},addFilter:function(o,r,e,t){gform.addHook(\"filter\",o,r,e,t)},doAction:function(o){gform.doHook(\"action\",o,arguments)},applyFilters:function(o){return gform.doHook(\"filter\",o,arguments)},removeAction:function(o,r){gform.removeHook(\"action\",o,r)},removeFilter:function(o,r,e){gform.removeHook(\"filter\",o,r,e)},addHook:function(o,r,e,t,n){null==gform.hooks[o][r]&&(gform.hooks[o][r]=[]);var d=gform.hooks[o][r];null==n&&(n=r+\"_\"+d.length),gform.hooks[o][r].push({tag:n,callable:e,priority:t=null==t?10:t})},doHook:function(r,o,e){var t;if(e=Array.prototype.slice.call(e,1),null!=gform.hooks[r][o]&&((o=gform.hooks[r][o]).sort(function(o,r){return o.priority-r.priority}),o.forEach(function(o){\"function\"!=typeof(t=o.callable)&&(t=window[t]),\"action\"==r?t.apply(null,e):e[0]=t.apply(null,e)})),\"filter\"==r)return e[0]},removeHook:function(o,r,t,n){var e;null!=gform.hooks[o][r]&&(e=(e=gform.hooks[o][r]).filter(function(o,r,e){return!!(null!=n&&n!=o.tag||null!=t&&t!=o.priority)}),gform.hooks[o][r]=e)}});\n<\/script>\n\n                <div class='gf_browser_gecko gform_wrapper gravity-theme gform-theme--no-framework' data-form-theme='gravity-theme' data-form-index='0' id='gform_wrapper_5' >\n                        <div class='gform_heading'>\n\t\t\t\t\t\t\t<p class='gform_required_legend'>\u201d<span class=\"gfield_required gfield_required_asterisk\">*<\/span>\u201d anger obligatoriska f\u00e4lt<\/p>\n                        <\/div><form method='post' enctype='multipart\/form-data'  id='gform_5'  action='\/sv\/wp-json\/wp\/v2\/pages\/3639' data-formid='5' novalidate>\n                        <div class='gform-body gform_body'><div id='gform_fields_5' class='gform_fields top_label form_sublabel_below description_below validation_below'><fieldset id=\"field_5_1\" class=\"gfield gfield--type-name gfield_contains_required field_sublabel_below gfield--no-description field_description_below field_validation_below gfield_visibility_visible\"  ><legend class='gfield_label gform-field-label gfield_label_before_complex' >Name<span class=\"gfield_required\"><span class=\"gfield_required gfield_required_asterisk\">*<\/span><\/span><\/legend><div class='ginput_complex ginput_container ginput_container--name no_prefix has_first_name no_middle_name has_last_name no_suffix gf_name_has_2 ginput_container_name gform-grid-row' id='input_5_1'>\n                            \n                            <span id='input_5_1_3_container' class='name_first gform-grid-col gform-grid-col--size-auto' >\n                                                    <input type='text' name='input_1.3' id='input_5_1_3' value=''   aria-required='true'     \/>\n                                                    <label for='input_5_1_3' class='gform-field-label gform-field-label--type-sub '>F\u00f6rnamn<\/label>\n                                                <\/span>\n                            \n                            <span id='input_5_1_6_container' class='name_last gform-grid-col gform-grid-col--size-auto' >\n                                                    <input type='text' name='input_1.6' id='input_5_1_6' value=''   aria-required='true'     \/>\n                                                    <label for='input_5_1_6' class='gform-field-label gform-field-label--type-sub '>Efternamn<\/label>\n                                                <\/span>\n                            \n                        <\/div><\/fieldset><div id=\"field_5_3\" class=\"gfield gfield--type-text field_sublabel_below gfield--no-description field_description_below field_validation_below gfield_visibility_visible\"  ><label class='gfield_label gform-field-label' for='input_5_3'>Oganisation or company<\/label><div class='ginput_container ginput_container_text'><input name='input_3' id='input_5_3' type='text' value='' class='large'      aria-invalid=\"false\"   \/><\/div><\/div><div id=\"field_5_4\" class=\"gfield gfield--type-email gfield_contains_required field_sublabel_below gfield--no-description field_description_below field_validation_below gfield_visibility_visible\"  ><label class='gfield_label gform-field-label' for='input_5_4'>Email<span class=\"gfield_required\"><span class=\"gfield_required gfield_required_asterisk\">*<\/span><\/span><\/label><div class='ginput_container ginput_container_email'>\n                            <input name='input_4' id='input_5_4' type='email' value='' class='large'    aria-required=\"true\" aria-invalid=\"false\"  \/>\n                        <\/div><\/div><div id=\"field_5_5\" class=\"gfield gfield--type-textarea field_sublabel_below gfield--no-description field_description_below field_validation_below gfield_visibility_visible\"  ><label class='gfield_label gform-field-label' for='input_5_5'>In what way can we assist you?<\/label><div class='ginput_container ginput_container_textarea'><textarea name='input_5' id='input_5_5' class='textarea large'      aria-invalid=\"false\"   rows='10' cols='50'><\/textarea><\/div><\/div><div id=\"field_5_6\" class=\"gfield gfield--type-captcha field_sublabel_below gfield--no-description field_description_below field_validation_below gfield_visibility_visible\"  ><label class='gfield_label gform-field-label' for='input_5_6'>To prevent spam<\/label><div id='input_5_6' class='ginput_container ginput_recaptcha' data-sitekey='6LcetYgiAAAAAJu-Uhdl8sjNTUl0RTo2MwOgV4PH'  data-theme='light' data-tabindex='0'  data-badge=''><\/div><\/div><\/div><\/div>\n        <div class='gform-footer gform_footer top_label'> <input type='submit' id='gform_submit_button_5' class='gform_button button' onclick='gform.submission.handleButtonClick(this);' data-submission-type='submit' value='Submit'  \/> \n            <input type='hidden' class='gform_hidden' name='gform_submission_method' data-js='gform_submission_method_5' value='postback' \/>\n            <input type='hidden' class='gform_hidden' name='gform_theme' data-js='gform_theme_5' id='gform_theme_5' value='gravity-theme' \/>\n            <input type='hidden' class='gform_hidden' name='gform_style_settings' data-js='gform_style_settings_5' id='gform_style_settings_5' value='{&quot;inputPrimaryColor&quot;:&quot;#204ce5&quot;}' \/>\n            <input type='hidden' class='gform_hidden' name='is_submit_5' value='1' \/>\n            <input type='hidden' class='gform_hidden' name='gform_submit' value='5' \/>\n            \n            <input type='hidden' class='gform_hidden' name='gform_currency' data-currency='SEK' value='Nb5K7L1sDQ5pI6etMtDPDd62CJ+i5KIQSOVwy+9v3jDfrdB\/xqMd3VbRD1rjnYmRWS3eQQk6BPF\/\/KxAhUzbvMOvlq6BFDr++P\/GvBEvaHyBNJQ=' \/>\n            <input type='hidden' class='gform_hidden' name='gform_unique_id' value='' \/>\n            <input type='hidden' class='gform_hidden' name='state_5' value='WyJbXSIsImEwYWI4MGE4NTIxOWRkODMxNGY3MjMzZDg1ODc4MjE5Il0=' \/>\n            <input type='hidden' autocomplete='off' class='gform_hidden' name='gform_target_page_number_5' id='gform_target_page_number_5' value='0' \/>\n            <input type='hidden' autocomplete='off' class='gform_hidden' name='gform_source_page_number_5' id='gform_source_page_number_5' value='1' \/>\n            <input type='hidden' name='gform_field_values' value='' \/>\n            \n        <\/div>\n                        <p style=\"display: none !important;\" class=\"akismet-fields-container\" data-prefix=\"ak_\"><label>&#916;<textarea name=\"ak_hp_textarea\" cols=\"45\" rows=\"8\" maxlength=\"100\"><\/textarea><\/label><input type=\"hidden\" id=\"ak_js_1\" name=\"ak_js\" value=\"31\"\/><script>document.getElementById( \"ak_js_1\" ).setAttribute( \"value\", ( new Date() ).getTime() );<\/script><\/p><\/form>\n                        <\/div><script>\ngform.initializeOnLoaded( function() {gformInitSpinner( 5, 'https:\/\/voiceoftheocean.org\/wp-content\/plugins\/gravityforms\/images\/spinner.svg', true );jQuery('#gform_ajax_frame_5').on('load',function(){var contents = jQuery(this).contents().find('*').html();var is_postback = contents.indexOf('GF_AJAX_POSTBACK') >= 0;if(!is_postback){return;}var form_content = jQuery(this).contents().find('#gform_wrapper_5');var is_confirmation = jQuery(this).contents().find('#gform_confirmation_wrapper_5').length > 0;var is_redirect = contents.indexOf('gformRedirect(){') >= 0;var is_form = form_content.length > 0 && ! is_redirect && ! is_confirmation;var mt = parseInt(jQuery('html').css('margin-top'), 10) + parseInt(jQuery('body').css('margin-top'), 10) + 100;if(is_form){jQuery('#gform_wrapper_5').html(form_content.html());if(form_content.hasClass('gform_validation_error')){jQuery('#gform_wrapper_5').addClass('gform_validation_error');} else {jQuery('#gform_wrapper_5').removeClass('gform_validation_error');}setTimeout( function() { \/* delay the scroll by 50 milliseconds to fix a bug in chrome *\/  }, 50 );if(window['gformInitDatepicker']) {gformInitDatepicker();}if(window['gformInitPriceFields']) {gformInitPriceFields();}var current_page = jQuery('#gform_source_page_number_5').val();gformInitSpinner( 5, 'https:\/\/voiceoftheocean.org\/wp-content\/plugins\/gravityforms\/images\/spinner.svg', true );jQuery(document).trigger('gform_page_loaded', [5, current_page]);window['gf_submitting_5'] = false;}else if(!is_redirect){var confirmation_content = jQuery(this).contents().find('.GF_AJAX_POSTBACK').html();if(!confirmation_content){confirmation_content = contents;}jQuery('#gform_wrapper_5').replaceWith(confirmation_content);jQuery(document).trigger('gform_confirmation_loaded', [5]);window['gf_submitting_5'] = false;wp.a11y.speak(jQuery('#gform_confirmation_message_5').text());}else{jQuery('#gform_5').append(contents);if(window['gformRedirect']) {gformRedirect();}}jQuery(document).trigger(\"gform_pre_post_render\", [{ formId: \"5\", currentPage: \"current_page\", abort: function() { this.preventDefault(); } }]);        if (event && event.defaultPrevented) {                return;        }        const gformWrapperDiv = document.getElementById( \"gform_wrapper_5\" );        if ( gformWrapperDiv ) {            const visibilitySpan = document.createElement( \"span\" );            visibilitySpan.id = \"gform_visibility_test_5\";            gformWrapperDiv.insertAdjacentElement( \"afterend\", visibilitySpan );        }        const visibilityTestDiv = document.getElementById( \"gform_visibility_test_5\" );        let postRenderFired = false;        function triggerPostRender() {            if ( postRenderFired ) {                return;            }            postRenderFired = true;            gform.core.triggerPostRenderEvents( 5, current_page );            if ( visibilityTestDiv ) {                visibilityTestDiv.parentNode.removeChild( visibilityTestDiv );            }        }        function debounce( func, wait, immediate ) {            var timeout;            return function() {                var context = this, args = arguments;                var later = function() {                    timeout = null;                    if ( !immediate ) func.apply( context, args );                };                var callNow = immediate && !timeout;                clearTimeout( timeout );                timeout = setTimeout( later, wait );                if ( callNow ) func.apply( context, args );            };        }        const debouncedTriggerPostRender = debounce( function() {            triggerPostRender();        }, 200 );        if ( visibilityTestDiv && visibilityTestDiv.offsetParent === null ) {            const observer = new MutationObserver( ( mutations ) => {                mutations.forEach( ( mutation ) => {                    if ( mutation.type === 'attributes' && visibilityTestDiv.offsetParent !== null ) {                        debouncedTriggerPostRender();                        observer.disconnect();                    }                });            });            observer.observe( document.body, {                attributes: true,                childList: false,                subtree: true,                attributeFilter: [ 'style', 'class' ],            });        } else {            triggerPostRender();        }    } );} );\n<\/script>\n<\/div><\/div>\n\n\n\n<div class=\"wp-block-uagb-container uagb-block-35f23415 alignfull uagb-is-root-container\"><div class=\"uagb-container-inner-blocks-wrap\">\n<div class=\"wp-block-uagb-container uagb-block-5ece7fde\">\n<div class=\"wp-block-uagb-container uagb-block-86164dee\">\n<h2 class=\"wp-block-heading\">Operations Manager<\/h2>\n\n\n\n<p>Micke Tilja, <a href=\"mailto:micke.tilja@voiceoftheocean.org\">micke.tilja@voiceoftheocean.org<\/a><\/p>\n<\/div>\n<\/div>\n\n\n\n<div class=\"wp-block-uagb-container uagb-block-e19e9e29\">\n<figure class=\"wp-block-image size-full is-style-rounded\"><img loading=\"lazy\" decoding=\"async\" width=\"1242\" height=\"1226\" src=\"https:\/\/voiceoftheocean.org\/wp-content\/uploads\/2024\/01\/Micke-Tilja-diving.jpg\" alt=\"\" class=\"wp-image-3573\" srcset=\"https:\/\/voiceoftheocean.org\/wp-content\/uploads\/2024\/01\/Micke-Tilja-diving.jpg 1242w, https:\/\/voiceoftheocean.org\/wp-content\/uploads\/2024\/01\/Micke-Tilja-diving-300x296.jpg 300w, https:\/\/voiceoftheocean.org\/wp-content\/uploads\/2024\/01\/Micke-Tilja-diving-1080x1066.jpg 1080w, https:\/\/voiceoftheocean.org\/wp-content\/uploads\/2024\/01\/Micke-Tilja-diving-768x758.jpg 768w\" sizes=\"auto, (max-width: 1242px) 100vw, 1242px\" \/><\/figure>\n<\/div>\n<\/div><\/div>\n","protected":false},"excerpt":{"rendered":"<p>Ocean archive \u00e4r ett projekt som str\u00e4var efter att skapa en samling av historiskt och nutida undervattensfoto, men \u00e4ven ett arkiv av oceanografiska dataset. Syftet med arkivet \u00e4r att skapa en framtidss\u00e4ker k\u00e4lla f\u00f6r information och visualisering om det som h\u00e4nder under ytan i havet. Arkivet vill fungera som en v\u00e4rdefull k\u00e4lla till utbildnings- och [&hellip;]<\/p>\n","protected":false},"author":3,"featured_media":3559,"parent":0,"menu_order":30,"comment_status":"closed","ping_status":"closed","template":"no-title","meta":{"_acf_changed":false,"_uag_custom_page_level_css":"","footnotes":""},"class_list":["post-3639","page","type-page","status-publish","has-post-thumbnail","hentry"],"acf":[],"uagb_featured_image_src":{"full":["https:\/\/voiceoftheocean.org\/wp-content\/uploads\/2024\/01\/web-dykare-bla.jpg",1080,721,false],"thumbnail":["https:\/\/voiceoftheocean.org\/wp-content\/uploads\/2024\/01\/web-dykare-bla-150x150.jpg",150,150,true],"medium":["https:\/\/voiceoftheocean.org\/wp-content\/uploads\/2024\/01\/web-dykare-bla-300x200.jpg",300,200,true],"medium_large":["https:\/\/voiceoftheocean.org\/wp-content\/uploads\/2024\/01\/web-dykare-bla-768x513.jpg",768,513,true],"large":["https:\/\/voiceoftheocean.org\/wp-content\/uploads\/2024\/01\/web-dykare-bla.jpg",1080,721,false],"1536x1536":["https:\/\/voiceoftheocean.org\/wp-content\/uploads\/2024\/01\/web-dykare-bla.jpg",1080,721,false],"2048x2048":["https:\/\/voiceoftheocean.org\/wp-content\/uploads\/2024\/01\/web-dykare-bla.jpg",1080,721,false],"gform-image-choice-sm":["https:\/\/voiceoftheocean.org\/wp-content\/uploads\/2024\/01\/web-dykare-bla.jpg",300,200,false],"gform-image-choice-md":["https:\/\/voiceoftheocean.org\/wp-content\/uploads\/2024\/01\/web-dykare-bla.jpg",400,267,false],"gform-image-choice-lg":["https:\/\/voiceoftheocean.org\/wp-content\/uploads\/2024\/01\/web-dykare-bla.jpg",600,401,false]},"uagb_author_info":{"display_name":"Ville Engberg","author_link":"https:\/\/voiceoftheocean.org\/sv\/author\/villeengberg\/"},"uagb_comment_info":0,"uagb_excerpt":"Ocean archive \u00e4r ett projekt som str\u00e4var efter att skapa en samling av historiskt och nutida undervattensfoto, men \u00e4ven ett arkiv av oceanografiska dataset. Syftet med arkivet \u00e4r att skapa en framtidss\u00e4ker k\u00e4lla f\u00f6r information och visualisering om det som h\u00e4nder under ytan i havet. Arkivet vill fungera som en v\u00e4rdefull k\u00e4lla till utbildnings- och&hellip;","_links":{"self":[{"href":"https:\/\/voiceoftheocean.org\/sv\/wp-json\/wp\/v2\/pages\/3639","targetHints":{"allow":["GET"]}}],"collection":[{"href":"https:\/\/voiceoftheocean.org\/sv\/wp-json\/wp\/v2\/pages"}],"about":[{"href":"https:\/\/voiceoftheocean.org\/sv\/wp-json\/wp\/v2\/types\/page"}],"author":[{"embeddable":true,"href":"https:\/\/voiceoftheocean.org\/sv\/wp-json\/wp\/v2\/users\/3"}],"replies":[{"embeddable":true,"href":"https:\/\/voiceoftheocean.org\/sv\/wp-json\/wp\/v2\/comments?post=3639"}],"version-history":[{"count":1,"href":"https:\/\/voiceoftheocean.org\/sv\/wp-json\/wp\/v2\/pages\/3639\/revisions"}],"predecessor-version":[{"id":3651,"href":"https:\/\/voiceoftheocean.org\/sv\/wp-json\/wp\/v2\/pages\/3639\/revisions\/3651"}],"wp:featuredmedia":[{"embeddable":true,"href":"https:\/\/voiceoftheocean.org\/sv\/wp-json\/wp\/v2\/media\/3559"}],"wp:attachment":[{"href":"https:\/\/voiceoftheocean.org\/sv\/wp-json\/wp\/v2\/media?parent=3639"}],"curies":[{"name":"wp","href":"https:\/\/api.w.org\/{rel}","templated":true}]}}