{"id":3652,"date":"2022-10-11T13:30:59","date_gmt":"2022-10-11T11:30:59","guid":{"rendered":"https:\/\/voiceoftheocean.org\/voto-support\/"},"modified":"2024-04-11T11:14:31","modified_gmt":"2024-04-11T09:14:31","slug":"voto-support","status":"publish","type":"page","link":"https:\/\/voiceoftheocean.org\/sv\/voto-support\/","title":{"rendered":"VOTO Support"},"content":{"rendered":"\n<div class=\"wp-block-cover alignfull\" style=\"min-height:500px;aspect-ratio:unset;\"><span aria-hidden=\"true\" class=\"wp-block-cover__background has-background-dim-30 has-background-dim\"><\/span><img loading=\"lazy\" decoding=\"async\" width=\"1920\" height=\"1080\" class=\"wp-block-cover__image-background wp-image-3186\" alt=\"\" src=\"https:\/\/voiceoftheocean.org\/wp-content\/uploads\/2023\/10\/Landscape-with-trees.jpg\" style=\"object-position:64% 49%\" data-object-fit=\"cover\" data-object-position=\"64% 49%\" srcset=\"https:\/\/voiceoftheocean.org\/wp-content\/uploads\/2023\/10\/Landscape-with-trees.jpg 1920w, https:\/\/voiceoftheocean.org\/wp-content\/uploads\/2023\/10\/Landscape-with-trees-300x169.jpg 300w, https:\/\/voiceoftheocean.org\/wp-content\/uploads\/2023\/10\/Landscape-with-trees-1080x608.jpg 1080w, https:\/\/voiceoftheocean.org\/wp-content\/uploads\/2023\/10\/Landscape-with-trees-768x432.jpg 768w, https:\/\/voiceoftheocean.org\/wp-content\/uploads\/2023\/10\/Landscape-with-trees-1536x864.jpg 1536w\" sizes=\"auto, (max-width: 1920px) 100vw, 1920px\" \/><div class=\"wp-block-cover__inner-container is-layout-flow wp-block-cover-is-layout-flow\">\n<h1 class=\"wp-block-heading has-text-align-center has-custom-white-color has-text-color\">VOTO Support<\/h1>\n<\/div><\/div>\n\n\n\n<div class=\"wp-block-uagb-container uagb-block-2838b5d6 alignfull uagb-is-root-container\"><div class=\"uagb-container-inner-blocks-wrap\">\n<div class=\"wp-block-uagb-inline-notice uagb-inline_notice__align-left uagb-block-25886cf4\"><button class=\"uagb-notice-close-button\" type=\"button\" aria-label=\"Close\"><\/button><h5 class=\"uagb-notice-title\"><strong>Vad \u00e4r VOTO support?\u00a0\u00a0<\/strong><\/h5><div class=\"uagb-notice-text\">\n<p>Voice of the Ocean st\u00f6djer vetenskapliga forskningsprojekt p\u00e5 en rad olika s\u00e4tt; infrastrukturst\u00f6d f\u00f6r f\u00e4ltarbete, metodutveckling, eller st\u00f6d med datahantering och distribution.\u00a0\u00a0<\/p>\n\n\n\n<p><br>Vi vill i f\u00f6rsta hand st\u00f6dja initiativ som fokuserar p\u00e5 \u00d6stersj\u00f6n, s\u00e4rskilt n\u00e4r projektet involverar v\u00e5r marina infrastruktur (fartyg och gliders), men vi \u00e4r \u00f6ppna f\u00f6r diskussioner kring internationella projekt.\u00a0\u00a0<\/p>\n<\/div><\/div>\n\n\n\n<p>Ett av de st\u00f6rsta hindren f\u00f6r enskilda forskare, eller mindre grupper, \u00e4r tillg\u00e5ng till och anv\u00e4ndning av l\u00e4mplig forskningsinfrastruktur. Vi erbjuder skr\u00e4ddarsytt projektst\u00f6d, hela v\u00e4gen fr\u00e5n metodutveckling till dataf\u00f6rs\u00f6rjning, det h\u00e4r kan vi erbjuda med hj\u00e4lp av v\u00e5ra befintliga tillg\u00e5ngar, utan kostnad f\u00f6r forskaren. Vi tillhandah\u00e5ller ocks\u00e5 ett driftteam med experter som hj\u00e4lper till att utveckla den mest s\u00e4kra metoden f\u00f6r att skapa ett framg\u00e5ngsrikt projekt.\u00a0\u00a0<\/p>\n\n\n\n<h2 class=\"wp-block-heading\"><strong>S\u00e5h\u00e4r ans\u00f6ker du<\/strong><\/h2>\n\n\n\n<p>Ans\u00f6kningsprocessen f\u00f6r ett VOTO Support projekt best\u00e5r av tre steg.\u00a0\u00a0<\/p>\n\n\n\n<ol>\n<li>Det f\u00f6rsta utkastet till projektf\u00f6rslag skickas till VOTO i god tid f\u00f6re deadline\u00a0<\/li>\n\n\n\n<li>VOTO tar kontakt med er och arrangerar ett m\u00f6te f\u00f6r att diskutera det f\u00f6reslagna projektet och om n\u00e5gra \u00e4ndringar beh\u00f6ver g\u00f6ras i f\u00f6rslaget p\u00e5 grund av tekniska eller logistiska utmaningar.\u00a0\u00a0<\/li>\n\n\n\n<li>Skicka in den slutgiltiga ans\u00f6kan f\u00f6re sista ans\u00f6kningsdag. \u00a0<\/li>\n<\/ol>\n\n\n\n<ul>\n<li>F\u00f6r oceanografiska projekt, ta kontakt med Louise Biddle eller Anna Willstrand Wranne.\u00a0\u00a0<\/li>\n\n\n\n<li>Om ditt projekt har ett kulturellt eller historiskt perspektiv, kontakta Bj\u00f6rn Hagberg\u00a0<\/li>\n\n\n\n<li>F\u00f6r projekt som ber\u00f6r utbildning och havskunskap, kontakta Niklas Nilsson\u00a0<\/li>\n<\/ul>\n\n\n\n<h2 class=\"wp-block-heading\">Ans\u00f6kningsprocess<\/h2>\n\n\n\n<p>VOTO Support projekt v\u00e4ljs ut genom en beslutsfattande process som involverar b\u00e5de v\u00e5ra interna experter och v\u00e5r oberoende vetenskapliga r\u00e5dgivande kommitt\u00e9. Ans\u00f6kningsprocessens deadline \u00e4r tv\u00e5 g\u00e5nger per \u00e5r.\u00a0\u00a0<\/p>\n\n\n\n<h3 class=\"wp-block-heading\">Round 1 &#8211; 2024<\/h3>\n\n\n\n<div class=\"wp-block-uagb-icon-list uagb-block-80efcc8c\"><div class=\"uagb-icon-list__wrap\">\n<div class=\"wp-block-uagb-icon-list-child uagb-block-09475746\"><span class=\"uagb-icon-list__source-wrap\"><svg xmlns=\"https:\/\/www.w3.org\/2000\/svg\" viewBox=\"0 0 512 512\"><path d=\"M256 0C114.6 0 0 114.6 0 256c0 141.4 114.6 256 256 256s256-114.6 256-256C512 114.6 397.4 0 256 0zM406.6 278.6l-103.1 103.1c-12.5 12.5-32.75 12.5-45.25 0s-12.5-32.75 0-45.25L306.8 288H128C110.3 288 96 273.7 96 256s14.31-32 32-32h178.8l-49.38-49.38c-12.5-12.5-12.5-32.75 0-45.25s32.75-12.5 45.25 0l103.1 103.1C414.6 241.3 416 251.1 416 256C416 260.9 414.6 270.7 406.6 278.6z\"><\/path><\/svg><\/span><span class=\"uagb-icon-list__label\">Deadline f\u00f6r ans\u00f6kningar: 1 Februari\u00a0<\/span><\/div>\n\n\n\n<div class=\"wp-block-uagb-icon-list-child uagb-block-ec8f8635\"><span class=\"uagb-icon-list__source-wrap\"><svg xmlns=\"https:\/\/www.w3.org\/2000\/svg\" viewBox=\"0 0 512 512\"><path d=\"M256 0C114.6 0 0 114.6 0 256c0 141.4 114.6 256 256 256s256-114.6 256-256C512 114.6 397.4 0 256 0zM406.6 278.6l-103.1 103.1c-12.5 12.5-32.75 12.5-45.25 0s-12.5-32.75 0-45.25L306.8 288H128C110.3 288 96 273.7 96 256s14.31-32 32-32h178.8l-49.38-49.38c-12.5-12.5-12.5-32.75 0-45.25s32.75-12.5 45.25 0l103.1 103.1C414.6 241.3 416 251.1 416 256C416 260.9 414.6 270.7 406.6 278.6z\"><\/path><\/svg><\/span><span class=\"uagb-icon-list__label\">M\u00f6te f\u00f6r beslut: TBA\u00a0<\/span><\/div>\n\n\n\n<div class=\"wp-block-uagb-icon-list-child uagb-block-a19eee09\"><span class=\"uagb-icon-list__source-wrap\"><svg xmlns=\"https:\/\/www.w3.org\/2000\/svg\" viewBox=\"0 0 512 512\"><path d=\"M256 0C114.6 0 0 114.6 0 256c0 141.4 114.6 256 256 256s256-114.6 256-256C512 114.6 397.4 0 256 0zM406.6 278.6l-103.1 103.1c-12.5 12.5-32.75 12.5-45.25 0s-12.5-32.75 0-45.25L306.8 288H128C110.3 288 96 273.7 96 256s14.31-32 32-32h178.8l-49.38-49.38c-12.5-12.5-12.5-32.75 0-45.25s32.75-12.5 45.25 0l103.1 103.1C414.6 241.3 416 251.1 416 256C416 260.9 414.6 270.7 406.6 278.6z\"><\/path><\/svg><\/span><span class=\"uagb-icon-list__label\">Besluten publiceras: TBA\u00a0<\/span><\/div>\n<\/div><\/div>\n\n\n\n<h3 class=\"wp-block-heading\">Round 2 &#8211; 2024<\/h3>\n\n\n\n<div class=\"wp-block-uagb-icon-list uagb-block-69ed9e06\"><div class=\"uagb-icon-list__wrap\">\n<div class=\"wp-block-uagb-icon-list-child uagb-block-02d4962b\"><span class=\"uagb-icon-list__source-wrap\"><svg xmlns=\"https:\/\/www.w3.org\/2000\/svg\" viewBox=\"0 0 512 512\"><path d=\"M256 0C114.6 0 0 114.6 0 256c0 141.4 114.6 256 256 256s256-114.6 256-256C512 114.6 397.4 0 256 0zM406.6 278.6l-103.1 103.1c-12.5 12.5-32.75 12.5-45.25 0s-12.5-32.75 0-45.25L306.8 288H128C110.3 288 96 273.7 96 256s14.31-32 32-32h178.8l-49.38-49.38c-12.5-12.5-12.5-32.75 0-45.25s32.75-12.5 45.25 0l103.1 103.1C414.6 241.3 416 251.1 416 256C416 260.9 414.6 270.7 406.6 278.6z\"><\/path><\/svg><\/span><span class=\"uagb-icon-list__label\">Deadline f\u00f6r ans\u00f6kningar: 1 September\u00a0<\/span><\/div>\n\n\n\n<div class=\"wp-block-uagb-icon-list-child uagb-block-7c4ea56b\"><span class=\"uagb-icon-list__source-wrap\"><svg xmlns=\"https:\/\/www.w3.org\/2000\/svg\" viewBox=\"0 0 512 512\"><path d=\"M256 0C114.6 0 0 114.6 0 256c0 141.4 114.6 256 256 256s256-114.6 256-256C512 114.6 397.4 0 256 0zM406.6 278.6l-103.1 103.1c-12.5 12.5-32.75 12.5-45.25 0s-12.5-32.75 0-45.25L306.8 288H128C110.3 288 96 273.7 96 256s14.31-32 32-32h178.8l-49.38-49.38c-12.5-12.5-12.5-32.75 0-45.25s32.75-12.5 45.25 0l103.1 103.1C414.6 241.3 416 251.1 416 256C416 260.9 414.6 270.7 406.6 278.6z\"><\/path><\/svg><\/span><span class=\"uagb-icon-list__label\">M\u00f6te f\u00f6r beslut: TBA\u00a0<\/span><\/div>\n\n\n\n<div class=\"wp-block-uagb-icon-list-child uagb-block-ca644d98\"><span class=\"uagb-icon-list__source-wrap\"><svg xmlns=\"https:\/\/www.w3.org\/2000\/svg\" viewBox=\"0 0 512 512\"><path d=\"M256 0C114.6 0 0 114.6 0 256c0 141.4 114.6 256 256 256s256-114.6 256-256C512 114.6 397.4 0 256 0zM406.6 278.6l-103.1 103.1c-12.5 12.5-32.75 12.5-45.25 0s-12.5-32.75 0-45.25L306.8 288H128C110.3 288 96 273.7 96 256s14.31-32 32-32h178.8l-49.38-49.38c-12.5-12.5-12.5-32.75 0-45.25s32.75-12.5 45.25 0l103.1 103.1C414.6 241.3 416 251.1 416 256C416 260.9 414.6 270.7 406.6 278.6z\"><\/path><\/svg><\/span><span class=\"uagb-icon-list__label\">Besluten publiceras: TBA\u00a0<\/span><\/div>\n<\/div><\/div>\n<\/div><\/div>\n\n\n\n<div class=\"wp-block-uagb-container uagb-block-5014141b alignfull uagb-is-root-container\"><div class=\"uagb-container-inner-blocks-wrap\">\n<div class=\"wp-block-uagb-container uagb-block-606a3fa6\">\n<h2 class=\"wp-block-heading has-custom-dark-blue-color has-text-color\">Sign up for our newsletter<\/h2>\n\n\n\n<p> We look forward to\u00a0getting\u00a0in\u00a0touch\u00a0with you.\u00a0Sign up to our newsletter to\u00a0receive\u00a0updates\u00a0on\u00a0our work.<\/p>\n<\/div>\n\n\n\n<div class=\"wp-block-uagb-container uagb-block-a42e76a4\"><script>\nvar gform;gform||(document.addEventListener(\"gform_main_scripts_loaded\",function(){gform.scriptsLoaded=!0}),document.addEventListener(\"gform\/theme\/scripts_loaded\",function(){gform.themeScriptsLoaded=!0}),window.addEventListener(\"DOMContentLoaded\",function(){gform.domLoaded=!0}),gform={domLoaded:!1,scriptsLoaded:!1,themeScriptsLoaded:!1,isFormEditor:()=>\"function\"==typeof InitializeEditor,callIfLoaded:function(o){return!(!gform.domLoaded||!gform.scriptsLoaded||!gform.themeScriptsLoaded&&!gform.isFormEditor()||(gform.isFormEditor()&&console.warn(\"The use of gform.initializeOnLoaded() is deprecated in the form editor context and will be removed in Gravity Forms 3.1.\"),o(),0))},initializeOnLoaded:function(o){gform.callIfLoaded(o)||(document.addEventListener(\"gform_main_scripts_loaded\",()=>{gform.scriptsLoaded=!0,gform.callIfLoaded(o)}),document.addEventListener(\"gform\/theme\/scripts_loaded\",()=>{gform.themeScriptsLoaded=!0,gform.callIfLoaded(o)}),window.addEventListener(\"DOMContentLoaded\",()=>{gform.domLoaded=!0,gform.callIfLoaded(o)}))},hooks:{action:{},filter:{}},addAction:function(o,r,e,t){gform.addHook(\"action\",o,r,e,t)},addFilter:function(o,r,e,t){gform.addHook(\"filter\",o,r,e,t)},doAction:function(o){gform.doHook(\"action\",o,arguments)},applyFilters:function(o){return gform.doHook(\"filter\",o,arguments)},removeAction:function(o,r){gform.removeHook(\"action\",o,r)},removeFilter:function(o,r,e){gform.removeHook(\"filter\",o,r,e)},addHook:function(o,r,e,t,n){null==gform.hooks[o][r]&&(gform.hooks[o][r]=[]);var d=gform.hooks[o][r];null==n&&(n=r+\"_\"+d.length),gform.hooks[o][r].push({tag:n,callable:e,priority:t=null==t?10:t})},doHook:function(r,o,e){var t;if(e=Array.prototype.slice.call(e,1),null!=gform.hooks[r][o]&&((o=gform.hooks[r][o]).sort(function(o,r){return o.priority-r.priority}),o.forEach(function(o){\"function\"!=typeof(t=o.callable)&&(t=window[t]),\"action\"==r?t.apply(null,e):e[0]=t.apply(null,e)})),\"filter\"==r)return e[0]},removeHook:function(o,r,t,n){var e;null!=gform.hooks[o][r]&&(e=(e=gform.hooks[o][r]).filter(function(o,r,e){return!!(null!=n&&n!=o.tag||null!=t&&t!=o.priority)}),gform.hooks[o][r]=e)}});\n<\/script>\n\n                <div class='gf_browser_unknown gform_wrapper gravity-theme gform-theme--no-framework' data-form-theme='gravity-theme' data-form-index='0' id='gform_wrapper_1' ><form method='post' enctype='multipart\/form-data'  id='gform_1'  action='\/sv\/wp-json\/wp\/v2\/pages\/3652' data-formid='1' novalidate>\n                        <div class='gform-body gform_body'><div id='gform_fields_1' class='gform_fields top_label form_sublabel_below description_below validation_below'><fieldset id=\"field_1_1\" class=\"gfield gfield--type-name gfield_contains_required field_sublabel_hidden_label gfield--no-description field_description_below hidden_label field_validation_below gfield_visibility_visible\"  ><legend class='gfield_label gform-field-label gfield_label_before_complex' >Name<span class=\"gfield_required\"><span class=\"gfield_required gfield_required_text\">(Obligatoriskt)<\/span><\/span><\/legend><div class='ginput_complex ginput_container ginput_container--name no_prefix has_first_name no_middle_name has_last_name no_suffix gf_name_has_2 ginput_container_name gform-grid-row' id='input_1_1'>\n                            \n                            <span id='input_1_1_3_container' class='name_first gform-grid-col gform-grid-col--size-auto' >\n                                                    <input type='text' name='input_1.3' id='input_1_1_3' value=''   aria-required='true'   placeholder='First name'  \/>\n                                                    <label for='input_1_1_3' class='gform-field-label gform-field-label--type-sub hidden_sub_label screen-reader-text'>First name<\/label>\n                                                <\/span>\n                            \n                            <span id='input_1_1_6_container' class='name_last gform-grid-col gform-grid-col--size-auto' >\n                                                    <input type='text' name='input_1.6' id='input_1_1_6' value=''   aria-required='true'   placeholder='Last name'  \/>\n                                                    <label for='input_1_1_6' class='gform-field-label gform-field-label--type-sub hidden_sub_label screen-reader-text'>Last name<\/label>\n                                                <\/span>\n                            \n                        <\/div><\/fieldset><div id=\"field_1_3\" class=\"gfield gfield--type-email gfield_contains_required field_sublabel_below gfield--no-description field_description_below hidden_label field_validation_below gfield_visibility_visible\"  ><label class='gfield_label gform-field-label' for='input_1_3'>Email<span class=\"gfield_required\"><span class=\"gfield_required gfield_required_text\">(Obligatoriskt)<\/span><\/span><\/label><div class='ginput_container ginput_container_email'>\n                            <input name='input_3' id='input_1_3' type='email' value='' class='large'   placeholder='Email address' aria-required=\"true\" aria-invalid=\"false\"  \/>\n                        <\/div><\/div><fieldset id=\"field_1_4\" class=\"gfield gfield--type-checkbox gfield--type-choice gfield_contains_required field_sublabel_below gfield--no-description field_description_below hidden_label field_validation_below gfield_visibility_visible\"  ><legend class='gfield_label gform-field-label gfield_label_before_complex' >Agree<span class=\"gfield_required\"><span class=\"gfield_required gfield_required_text\">(Obligatoriskt)<\/span><\/span><\/legend><div class='ginput_container ginput_container_checkbox'><div class='gfield_checkbox ' id='input_1_4'><div class='gchoice gchoice_1_4_1'>\n\t\t\t\t\t\t\t\t<input class='gfield-choice-input' name='input_4.1' type='checkbox'  value='I agree that Voice of the Ocean saves my information.'  id='choice_1_4_1'   \/>\n\t\t\t\t\t\t\t\t<label for='choice_1_4_1' id='label_1_4_1' class='gform-field-label gform-field-label--type-inline'>I agree that Voice of the Ocean saves my information.<\/label>\n\t\t\t\t\t\t\t<\/div><\/div><\/div><\/fieldset><\/div><\/div>\n        <div class='gform-footer gform_footer top_label'> <input type='submit' id='gform_submit_button_1' class='gform_button button' onclick='gform.submission.handleButtonClick(this);' data-submission-type='submit' value='Submit'  \/> \n            <input type='hidden' class='gform_hidden' name='gform_submission_method' data-js='gform_submission_method_1' value='postback' \/>\n            <input type='hidden' class='gform_hidden' name='gform_theme' data-js='gform_theme_1' id='gform_theme_1' value='gravity-theme' \/>\n            <input type='hidden' class='gform_hidden' name='gform_style_settings' data-js='gform_style_settings_1' id='gform_style_settings_1' value='{&quot;inputPrimaryColor&quot;:&quot;#204ce5&quot;}' \/>\n            <input type='hidden' class='gform_hidden' name='is_submit_1' value='1' \/>\n            <input type='hidden' class='gform_hidden' name='gform_submit' value='1' \/>\n            \n            <input type='hidden' class='gform_hidden' name='gform_currency' data-currency='SEK' value='A+fx8i+XCj5bRonpFvpljEd8yeJxpvNjpVL0rF2Qi\/q8\/A0fU6tgLTBaRPl\/T1APirZgTfK0Uon6opAN4FPHDWZg\/UTS\/2Eoal6TkyLMd9egDV8=' \/>\n            <input type='hidden' class='gform_hidden' name='gform_unique_id' value='' \/>\n            <input type='hidden' class='gform_hidden' name='state_1' value='WyJbXSIsImEwYWI4MGE4NTIxOWRkODMxNGY3MjMzZDg1ODc4MjE5Il0=' \/>\n            <input type='hidden' autocomplete='off' class='gform_hidden' name='gform_target_page_number_1' id='gform_target_page_number_1' value='0' \/>\n            <input type='hidden' autocomplete='off' class='gform_hidden' name='gform_source_page_number_1' id='gform_source_page_number_1' value='1' \/>\n            <input type='hidden' name='gform_field_values' value='' \/>\n            \n        <\/div>\n                        <p style=\"display: none !important;\" class=\"akismet-fields-container\" data-prefix=\"ak_\"><label>&#916;<textarea name=\"ak_hp_textarea\" cols=\"45\" rows=\"8\" maxlength=\"100\"><\/textarea><\/label><input type=\"hidden\" id=\"ak_js_1\" name=\"ak_js\" value=\"159\"\/><script>document.getElementById( \"ak_js_1\" ).setAttribute( \"value\", ( new Date() ).getTime() );<\/script><\/p><\/form>\n                        <\/div><script>\ngform.initializeOnLoaded( function() {gformInitSpinner( 1, 'https:\/\/voiceoftheocean.org\/wp-content\/plugins\/gravityforms\/images\/spinner.svg', true );jQuery('#gform_ajax_frame_1').on('load',function(){var contents = jQuery(this).contents().find('*').html();var is_postback = contents.indexOf('GF_AJAX_POSTBACK') >= 0;if(!is_postback){return;}var form_content = jQuery(this).contents().find('#gform_wrapper_1');var is_confirmation = jQuery(this).contents().find('#gform_confirmation_wrapper_1').length > 0;var is_redirect = contents.indexOf('gformRedirect(){') >= 0;var is_form = form_content.length > 0 && ! is_redirect && ! is_confirmation;var mt = parseInt(jQuery('html').css('margin-top'), 10) + parseInt(jQuery('body').css('margin-top'), 10) + 100;if(is_form){jQuery('#gform_wrapper_1').html(form_content.html());if(form_content.hasClass('gform_validation_error')){jQuery('#gform_wrapper_1').addClass('gform_validation_error');} else {jQuery('#gform_wrapper_1').removeClass('gform_validation_error');}setTimeout( function() { \/* delay the scroll by 50 milliseconds to fix a bug in chrome *\/  }, 50 );if(window['gformInitDatepicker']) {gformInitDatepicker();}if(window['gformInitPriceFields']) {gformInitPriceFields();}var current_page = jQuery('#gform_source_page_number_1').val();gformInitSpinner( 1, 'https:\/\/voiceoftheocean.org\/wp-content\/plugins\/gravityforms\/images\/spinner.svg', true );jQuery(document).trigger('gform_page_loaded', [1, current_page]);window['gf_submitting_1'] = false;}else if(!is_redirect){var confirmation_content = jQuery(this).contents().find('.GF_AJAX_POSTBACK').html();if(!confirmation_content){confirmation_content = contents;}jQuery('#gform_wrapper_1').replaceWith(confirmation_content);jQuery(document).trigger('gform_confirmation_loaded', [1]);window['gf_submitting_1'] = false;wp.a11y.speak(jQuery('#gform_confirmation_message_1').text());}else{jQuery('#gform_1').append(contents);if(window['gformRedirect']) {gformRedirect();}}jQuery(document).trigger(\"gform_pre_post_render\", [{ formId: \"1\", currentPage: \"current_page\", abort: function() { this.preventDefault(); } }]);        if (event && event.defaultPrevented) {                return;        }        const gformWrapperDiv = document.getElementById( \"gform_wrapper_1\" );        if ( gformWrapperDiv ) {            const visibilitySpan = document.createElement( \"span\" );            visibilitySpan.id = \"gform_visibility_test_1\";            gformWrapperDiv.insertAdjacentElement( \"afterend\", visibilitySpan );        }        const visibilityTestDiv = document.getElementById( \"gform_visibility_test_1\" );        let postRenderFired = false;        function triggerPostRender() {            if ( postRenderFired ) {                return;            }            postRenderFired = true;            gform.core.triggerPostRenderEvents( 1, current_page );            if ( visibilityTestDiv ) {                visibilityTestDiv.parentNode.removeChild( visibilityTestDiv );            }        }        function debounce( func, wait, immediate ) {            var timeout;            return function() {                var context = this, args = arguments;                var later = function() {                    timeout = null;                    if ( !immediate ) func.apply( context, args );                };                var callNow = immediate && !timeout;                clearTimeout( timeout );                timeout = setTimeout( later, wait );                if ( callNow ) func.apply( context, args );            };        }        const debouncedTriggerPostRender = debounce( function() {            triggerPostRender();        }, 200 );        if ( visibilityTestDiv && visibilityTestDiv.offsetParent === null ) {            const observer = new MutationObserver( ( mutations ) => {                mutations.forEach( ( mutation ) => {                    if ( mutation.type === 'attributes' && visibilityTestDiv.offsetParent !== null ) {                        debouncedTriggerPostRender();                        observer.disconnect();                    }                });            });            observer.observe( document.body, {                attributes: true,                childList: false,                subtree: true,                attributeFilter: [ 'style', 'class' ],            });        } else {            triggerPostRender();        }    } );} );\n<\/script>\n<\/div>\n<\/div><\/div>\n","protected":false},"excerpt":{"rendered":"<p>Ett av de st\u00f6rsta hindren f\u00f6r enskilda forskare, eller mindre grupper, \u00e4r tillg\u00e5ng till och anv\u00e4ndning av l\u00e4mplig forskningsinfrastruktur. Vi erbjuder skr\u00e4ddarsytt projektst\u00f6d, hela v\u00e4gen fr\u00e5n metodutveckling till dataf\u00f6rs\u00f6rjning, det h\u00e4r kan vi erbjuda med hj\u00e4lp av v\u00e5ra befintliga tillg\u00e5ngar, utan kostnad f\u00f6r forskaren. Vi tillhandah\u00e5ller ocks\u00e5 ett driftteam med experter som hj\u00e4lper till att [&hellip;]<\/p>\n","protected":false},"author":1,"featured_media":3458,"parent":0,"menu_order":40,"comment_status":"closed","ping_status":"closed","template":"no-title","meta":{"_acf_changed":false,"_uag_custom_page_level_css":"","footnotes":""},"class_list":["post-3652","page","type-page","status-publish","has-post-thumbnail","hentry"],"acf":[],"uagb_featured_image_src":{"full":["https:\/\/voiceoftheocean.org\/wp-content\/uploads\/2023\/10\/Landscape-with-trees.jpg",1920,1080,false],"thumbnail":["https:\/\/voiceoftheocean.org\/wp-content\/uploads\/2023\/10\/Landscape-with-trees-150x150.jpg",150,150,true],"medium":["https:\/\/voiceoftheocean.org\/wp-content\/uploads\/2023\/10\/Landscape-with-trees-300x169.jpg",300,169,true],"medium_large":["https:\/\/voiceoftheocean.org\/wp-content\/uploads\/2023\/10\/Landscape-with-trees-768x432.jpg",768,432,true],"large":["https:\/\/voiceoftheocean.org\/wp-content\/uploads\/2023\/10\/Landscape-with-trees-1080x608.jpg",1080,608,true],"1536x1536":["https:\/\/voiceoftheocean.org\/wp-content\/uploads\/2023\/10\/Landscape-with-trees-1536x864.jpg",1536,864,true],"2048x2048":["https:\/\/voiceoftheocean.org\/wp-content\/uploads\/2023\/10\/Landscape-with-trees.jpg",1920,1080,false],"gform-image-choice-sm":["https:\/\/voiceoftheocean.org\/wp-content\/uploads\/2023\/10\/Landscape-with-trees.jpg",300,169,false],"gform-image-choice-md":["https:\/\/voiceoftheocean.org\/wp-content\/uploads\/2023\/10\/Landscape-with-trees.jpg",400,225,false],"gform-image-choice-lg":["https:\/\/voiceoftheocean.org\/wp-content\/uploads\/2023\/10\/Landscape-with-trees.jpg",600,338,false]},"uagb_author_info":{"display_name":"Voice of the Ocean","author_link":"https:\/\/voiceoftheocean.org\/sv\/author\/voiceoftheocean2\/"},"uagb_comment_info":0,"uagb_excerpt":"Ett av de st\u00f6rsta hindren f\u00f6r enskilda forskare, eller mindre grupper, \u00e4r tillg\u00e5ng till och anv\u00e4ndning av l\u00e4mplig forskningsinfrastruktur. Vi erbjuder skr\u00e4ddarsytt projektst\u00f6d, hela v\u00e4gen fr\u00e5n metodutveckling till dataf\u00f6rs\u00f6rjning, det h\u00e4r kan vi erbjuda med hj\u00e4lp av v\u00e5ra befintliga tillg\u00e5ngar, utan kostnad f\u00f6r forskaren. Vi tillhandah\u00e5ller ocks\u00e5 ett driftteam med experter som hj\u00e4lper till att&hellip;","_links":{"self":[{"href":"https:\/\/voiceoftheocean.org\/sv\/wp-json\/wp\/v2\/pages\/3652","targetHints":{"allow":["GET"]}}],"collection":[{"href":"https:\/\/voiceoftheocean.org\/sv\/wp-json\/wp\/v2\/pages"}],"about":[{"href":"https:\/\/voiceoftheocean.org\/sv\/wp-json\/wp\/v2\/types\/page"}],"author":[{"embeddable":true,"href":"https:\/\/voiceoftheocean.org\/sv\/wp-json\/wp\/v2\/users\/1"}],"replies":[{"embeddable":true,"href":"https:\/\/voiceoftheocean.org\/sv\/wp-json\/wp\/v2\/comments?post=3652"}],"version-history":[{"count":2,"href":"https:\/\/voiceoftheocean.org\/sv\/wp-json\/wp\/v2\/pages\/3652\/revisions"}],"predecessor-version":[{"id":3733,"href":"https:\/\/voiceoftheocean.org\/sv\/wp-json\/wp\/v2\/pages\/3652\/revisions\/3733"}],"wp:featuredmedia":[{"embeddable":true,"href":"https:\/\/voiceoftheocean.org\/sv\/wp-json\/wp\/v2\/media\/3458"}],"wp:attachment":[{"href":"https:\/\/voiceoftheocean.org\/sv\/wp-json\/wp\/v2\/media?parent=3652"}],"curies":[{"name":"wp","href":"https:\/\/api.w.org\/{rel}","templated":true}]}}