{"id":3669,"date":"2022-10-04T15:32:26","date_gmt":"2022-10-04T13:32:26","guid":{"rendered":"https:\/\/voiceoftheocean.org\/terms-and-conditions\/"},"modified":"2024-04-16T10:24:22","modified_gmt":"2024-04-16T08:24:22","slug":"terms-and-conditions","status":"publish","type":"page","link":"https:\/\/voiceoftheocean.org\/sv\/terms-and-conditions\/","title":{"rendered":"Terms and conditions"},"content":{"rendered":"\n<div class=\"wp-block-cover alignfull\" style=\"min-height:500px;aspect-ratio:unset;\"><span aria-hidden=\"true\" class=\"wp-block-cover__background has-background-dim-30 has-background-dim\"><\/span><img loading=\"lazy\" decoding=\"async\" width=\"1618\" height=\"1080\" class=\"wp-block-cover__image-background wp-image-3163\" alt=\"\" src=\"https:\/\/voiceoftheocean.org\/wp-content\/uploads\/2023\/10\/Terms-and-conditions.jpg\" style=\"object-position:24% 64%\" data-object-fit=\"cover\" data-object-position=\"24% 64%\" srcset=\"https:\/\/voiceoftheocean.org\/wp-content\/uploads\/2023\/10\/Terms-and-conditions.jpg 1618w, https:\/\/voiceoftheocean.org\/wp-content\/uploads\/2023\/10\/Terms-and-conditions-300x200.jpg 300w, https:\/\/voiceoftheocean.org\/wp-content\/uploads\/2023\/10\/Terms-and-conditions-1080x721.jpg 1080w, https:\/\/voiceoftheocean.org\/wp-content\/uploads\/2023\/10\/Terms-and-conditions-768x513.jpg 768w, https:\/\/voiceoftheocean.org\/wp-content\/uploads\/2023\/10\/Terms-and-conditions-1536x1025.jpg 1536w\" sizes=\"auto, (max-width: 1618px) 100vw, 1618px\" \/><div class=\"wp-block-cover__inner-container is-layout-flow wp-block-cover-is-layout-flow\">\n<h1 class=\"wp-block-heading has-text-align-center has-custom-white-color has-text-color\">Anv\u00e4ndarvillkor<\/h1>\n<\/div><\/div>\n\n\n\n<div class=\"wp-block-uagb-container uagb-block-dc84bf59 alignfull uagb-is-root-container\"><div class=\"uagb-container-inner-blocks-wrap\"><\/div><\/div>\n\n\n\n<div class=\"wp-block-uagb-container uagb-block-15db3e4a alignfull uagb-is-root-container\"><div class=\"uagb-container-inner-blocks-wrap\">\n<p><em>Senast uppdaterad: 2022-10-04<\/em><\/p>\n\n\n\n<h2 class=\"wp-block-heading\">Bakgrund<\/h2>\n\n\n\n<p>Stiftelsen Voice of the Ocean (802481-2730) f\u00f6rkortas under ben\u00e4mningen VOTO.\u00a0\u00a0<\/p>\n\n\n\n<p>Du hittar alltid den senaste versionen av v\u00e5ra villkor p\u00e5 v\u00e5r hemsida (h\u00e4r)\u00a0<\/p>\n\n\n\n<h2 class=\"wp-block-heading\">V\u00e5ra tj\u00e4nster<\/h2>\n\n\n\n<p>Genom att prenumerera p\u00e5 v\u00e5rt kostnadsfria nyhetsbrev och nedladdningstj\u00e4nst samtycker du till att ta emot information fr\u00e5n VOTO. Det \u00e4r inte obligatoriskt att prenumerera p\u00e5 v\u00e5r tj\u00e4nst.\u00a0\u00a0<\/p>\n\n\n\n<h2 class=\"wp-block-heading\">Frekvens<\/h2>\n\n\n\n<p>Nyhetsbrevet kommer att skickas ut h\u00f6gst en g\u00e5ng per m\u00e5nad.&nbsp;&nbsp;<\/p>\n\n\n\n<p>Om du registrerar dig f\u00f6r en utbildningsaktivitet kommer vi att definiera kommunikationsfrekvensen i registreringssammanhanget.&nbsp;&nbsp;<\/p>\n\n\n\n<h2 class=\"wp-block-heading\">Begr\u00e4nsat ansvar<\/h2>\n\n\n\n<p>VOTO f\u00f6rbeh\u00e5ller sig r\u00e4tten att \u00e4ndra eller avbryta tj\u00e4nsten utan f\u00f6reg\u00e5ende meddelande. Vi kommer inte att vara ansvariga gentemot dig eller n\u00e5gon tredje part om vi ut\u00f6ver en s\u00e5dan r\u00e4ttighet. <\/p>\n\n\n\n<p>Alla nya funktioner som ut\u00f6kar eller f\u00f6rb\u00e4ttrar den nuvarande tj\u00e4nsten kommer ocks\u00e5 att omfattas av dessa anv\u00e4ndarvillkor.\u00a0\u00a0<\/p>\n\n\n\n<h2 class=\"wp-block-heading\">Dubbelt godk\u00e4nnande<\/h2>\n\n\n\n<p>Vi kan kr\u00e4va att du bekr\u00e4ftar din e-postadress vid registrering. I s\u00e5dana fall kommer du att f\u00e5 ett meddelande med en l\u00e4nk som du ska klicka p\u00e5 f\u00f6r att verifiera e-postadressen och ditt val att prenumerera.\u00a0\u00a0<\/p>\n\n\n\n<h2 class=\"wp-block-heading\">Integritetspolicy<\/h2>\n\n\n\n<p>Vi kommunicerar, sprider, publicerar eller p\u00e5 annat s\u00e4tt ger aldrig bort din information. Du kan n\u00e4r som helst \u00e4ndra dina prenumerationsinst\u00e4llningar eller ta bort dem helt och h\u00e5llet.&nbsp;&nbsp;<\/p>\n\n\n\n<p>L\u00e4s mer i den fullst\u00e4ndiga <strong>integritetspolicyn<\/strong>.\u00a0<\/p>\n\n\n\n<h2 class=\"wp-block-heading\">Kontakt<\/h2>\n\n\n\n<p>Om du har n\u00e5gra fr\u00e5getecken ang\u00e5ende integritetspolicyn, v\u00e4nligen <strong>kontakta oss<\/strong>.<\/p>\n\n\n\n<p>V\u00e4nligen,<br>Teamet p\u00e5 Voice of the Ocean<\/p>\n<\/div><\/div>\n","protected":false},"excerpt":{"rendered":"<p>Senast uppdaterad: 2022-10-04 Bakgrund Stiftelsen Voice of the Ocean (802481-2730) f\u00f6rkortas under ben\u00e4mningen VOTO.\u00a0\u00a0 Du hittar alltid den senaste versionen av v\u00e5ra villkor p\u00e5 v\u00e5r hemsida (h\u00e4r)\u00a0 V\u00e5ra tj\u00e4nster Genom att prenumerera p\u00e5 v\u00e5rt kostnadsfria nyhetsbrev och nedladdningstj\u00e4nst samtycker du till att ta emot information fr\u00e5n VOTO. Det \u00e4r inte obligatoriskt att prenumerera p\u00e5 v\u00e5r [&hellip;]<\/p>\n","protected":false},"author":1,"featured_media":3452,"parent":0,"menu_order":81,"comment_status":"closed","ping_status":"closed","template":"no-title","meta":{"_acf_changed":false,"_uag_custom_page_level_css":"","footnotes":""},"class_list":["post-3669","page","type-page","status-publish","has-post-thumbnail","hentry"],"acf":[],"uagb_featured_image_src":{"full":["https:\/\/voiceoftheocean.org\/wp-content\/uploads\/2023\/10\/Terms-and-conditions.jpg",1618,1080,false],"thumbnail":["https:\/\/voiceoftheocean.org\/wp-content\/uploads\/2023\/10\/Terms-and-conditions-150x150.jpg",150,150,true],"medium":["https:\/\/voiceoftheocean.org\/wp-content\/uploads\/2023\/10\/Terms-and-conditions-300x200.jpg",300,200,true],"medium_large":["https:\/\/voiceoftheocean.org\/wp-content\/uploads\/2023\/10\/Terms-and-conditions-768x513.jpg",768,513,true],"large":["https:\/\/voiceoftheocean.org\/wp-content\/uploads\/2023\/10\/Terms-and-conditions-1080x721.jpg",1080,721,true],"1536x1536":["https:\/\/voiceoftheocean.org\/wp-content\/uploads\/2023\/10\/Terms-and-conditions-1536x1025.jpg",1536,1025,true],"2048x2048":["https:\/\/voiceoftheocean.org\/wp-content\/uploads\/2023\/10\/Terms-and-conditions.jpg",1618,1080,false],"gform-image-choice-sm":["https:\/\/voiceoftheocean.org\/wp-content\/uploads\/2023\/10\/Terms-and-conditions.jpg",300,200,false],"gform-image-choice-md":["https:\/\/voiceoftheocean.org\/wp-content\/uploads\/2023\/10\/Terms-and-conditions.jpg",400,267,false],"gform-image-choice-lg":["https:\/\/voiceoftheocean.org\/wp-content\/uploads\/2023\/10\/Terms-and-conditions.jpg",600,400,false]},"uagb_author_info":{"display_name":"Voice of the Ocean","author_link":"https:\/\/voiceoftheocean.org\/sv\/author\/voiceoftheocean2\/"},"uagb_comment_info":0,"uagb_excerpt":"Senast uppdaterad: 2022-10-04 Bakgrund Stiftelsen Voice of the Ocean (802481-2730) f\u00f6rkortas under ben\u00e4mningen VOTO.\u00a0\u00a0 Du hittar alltid den senaste versionen av v\u00e5ra villkor p\u00e5 v\u00e5r hemsida (h\u00e4r)\u00a0 V\u00e5ra tj\u00e4nster Genom att prenumerera p\u00e5 v\u00e5rt kostnadsfria nyhetsbrev och nedladdningstj\u00e4nst samtycker du till att ta emot information fr\u00e5n VOTO. Det \u00e4r inte obligatoriskt att prenumerera p\u00e5 v\u00e5r&hellip;","_links":{"self":[{"href":"https:\/\/voiceoftheocean.org\/sv\/wp-json\/wp\/v2\/pages\/3669","targetHints":{"allow":["GET"]}}],"collection":[{"href":"https:\/\/voiceoftheocean.org\/sv\/wp-json\/wp\/v2\/pages"}],"about":[{"href":"https:\/\/voiceoftheocean.org\/sv\/wp-json\/wp\/v2\/types\/page"}],"author":[{"embeddable":true,"href":"https:\/\/voiceoftheocean.org\/sv\/wp-json\/wp\/v2\/users\/1"}],"replies":[{"embeddable":true,"href":"https:\/\/voiceoftheocean.org\/sv\/wp-json\/wp\/v2\/comments?post=3669"}],"version-history":[{"count":1,"href":"https:\/\/voiceoftheocean.org\/sv\/wp-json\/wp\/v2\/pages\/3669\/revisions"}],"predecessor-version":[{"id":3671,"href":"https:\/\/voiceoftheocean.org\/sv\/wp-json\/wp\/v2\/pages\/3669\/revisions\/3671"}],"wp:featuredmedia":[{"embeddable":true,"href":"https:\/\/voiceoftheocean.org\/sv\/wp-json\/wp\/v2\/media\/3452"}],"wp:attachment":[{"href":"https:\/\/voiceoftheocean.org\/sv\/wp-json\/wp\/v2\/media?parent=3669"}],"curies":[{"name":"wp","href":"https:\/\/api.w.org\/{rel}","templated":true}]}}