{"id":3672,"date":"2022-10-04T15:12:48","date_gmt":"2022-10-04T13:12:48","guid":{"rendered":"https:\/\/voiceoftheocean.org\/privacy-policy\/"},"modified":"2024-04-16T10:34:18","modified_gmt":"2024-04-16T08:34:18","slug":"privacy-policy","status":"publish","type":"page","link":"https:\/\/voiceoftheocean.org\/sv\/privacy-policy\/","title":{"rendered":"Privacy policy"},"content":{"rendered":"\n<div class=\"wp-block-cover alignfull\" style=\"min-height:500px;aspect-ratio:unset;\"><span aria-hidden=\"true\" class=\"wp-block-cover__background has-background-dim-30 has-background-dim\"><\/span><img loading=\"lazy\" decoding=\"async\" width=\"1920\" height=\"1080\" class=\"wp-block-cover__image-background wp-image-3178\" alt=\"\" src=\"https:\/\/voiceoftheocean.org\/wp-content\/uploads\/2023\/10\/Vegetation-02.jpg\" style=\"object-position:60% 16%\" data-object-fit=\"cover\" data-object-position=\"60% 16%\" srcset=\"https:\/\/voiceoftheocean.org\/wp-content\/uploads\/2023\/10\/Vegetation-02.jpg 1920w, https:\/\/voiceoftheocean.org\/wp-content\/uploads\/2023\/10\/Vegetation-02-300x169.jpg 300w, https:\/\/voiceoftheocean.org\/wp-content\/uploads\/2023\/10\/Vegetation-02-1080x608.jpg 1080w, https:\/\/voiceoftheocean.org\/wp-content\/uploads\/2023\/10\/Vegetation-02-768x432.jpg 768w, https:\/\/voiceoftheocean.org\/wp-content\/uploads\/2023\/10\/Vegetation-02-1536x864.jpg 1536w\" sizes=\"auto, (max-width: 1920px) 100vw, 1920px\" \/><div class=\"wp-block-cover__inner-container is-layout-flow wp-block-cover-is-layout-flow\">\n<h1 class=\"wp-block-heading has-text-align-center has-custom-white-color has-text-color\">Integritetspolicy<\/h1>\n<\/div><\/div>\n\n\n\n<div class=\"wp-block-uagb-container uagb-block-2ae815c8 alignfull uagb-is-root-container\"><div class=\"uagb-container-inner-blocks-wrap\">\n<p><em>Senast uppdaterad: 2022-04-04<\/em><\/p>\n\n\n\n<h2 class=\"wp-block-heading\">Bakgrund<\/h2>\n\n\n\n<p>Stiftelsen Voice of the Ocean (802481-2730) f\u00f6rkortas under ben\u00e4mningen VOTO.\u00a0\u00a0<\/p>\n\n\n\n<p>Du hittar alltid den senaste versionen av v\u00e5ra villkor p\u00e5 v\u00e5r hemsida (h\u00e4r)&nbsp;<\/p>\n\n\n\n<p>N\u00e4r du l\u00e4mnar personuppgifter, till exempel n\u00e4r du registrerar dig f\u00f6r v\u00e5rt kostnadsfria nyhetsbrev, kommer du att f\u00e5 information om presonuppgiftsbehandling. I och med att du slutf\u00f6r registreringen samtycker du till hur VOTO behandlar dina personuppgifter.&nbsp;&nbsp;<\/p>\n\n\n\n<p>Du hittar alltid den senaste versionen av v\u00e5r integritetspolicy p\u00e5 v\u00e5r webbplats (h\u00e4r).\u00a0<\/p>\n\n\n\n<h2 class=\"wp-block-heading\"><strong>Hantering av dina personuppgifter\u00a0<\/strong><\/h2>\n\n\n\n<p>VOTO har ett register \u00f6ver alla prenumeranter som \u00e4r anslutna till v\u00e5ra tj\u00e4nster. Registret inneh\u00e5ller de personuppgifter som du l\u00e4mnar vid registreringen. Vi lagrar alla uppgifter s\u00e4kert i v\u00e5rt molnbaserade kundhanteringssystem.\u00a0<\/p>\n\n\n\n<p>Vi kommunicerar, sprider, publicerar eller p\u00e5 annat s\u00e4tt l\u00e4mnar aldrig ut dina uppgifter. Personuppgifter l\u00e4mnas dock ut till svensk myndighet n\u00e4r s\u00e5 kr\u00e4vs enligt svensk lag eller myndighetsbeslut.\u00a0<\/p>\n\n\n\n<h2 class=\"wp-block-heading\">Anv\u00e4ndning av information<\/h2>\n\n\n\n<p>Dina personuppgifter analyseras, taggas och grupperas f\u00f6r urval, prioritering och planering av kontakt med dig som prenumerant.\u00a0<\/p>\n\n\n\n<p>VOTO anv\u00e4nder uppgifterna f\u00f6r information och leverans av v\u00e5ra tj\u00e4nster samt som underlag f\u00f6r statistik och aff\u00e4rsutveckling. Uppgifterna kan ligga till grund f\u00f6r anpassning av inneh\u00e5ll, annonser och erbjudanden.\u00a0<\/p>\n\n\n\n<h2 class=\"wp-block-heading\">Samtycke av uppgifter<\/h2>\n\n\n\n<p>Du samtycker till att vi kan kontakta dig via e-post och andra digitala kanaler som prenumerant. Vi f\u00f6ljer alltid god marknadsf\u00f6ringssed enligt <strong>marknadsf\u00f6ringslagen<\/strong>.\u00a0<\/p>\n\n\n\n<p>Som prenumerant har du r\u00e4tt att kostnadsfritt \u00e5terkalla samtycke, beg\u00e4ra r\u00e4ttelse\/radering av eventuella felaktiga uppgifter eller skriftligen beg\u00e4ra ett registerutdrag.&nbsp;<\/p>\n\n\n\n<p>Samtycket g\u00e4ller tills du sj\u00e4lv s\u00e4ger upp det.\u00a0<\/p>\n\n\n\n<h2 class=\"wp-block-heading\">Cookies<\/h2>\n\n\n\n<p>F\u00f6r b\u00e4sta upplevelse av v\u00e5r webbplats b\u00f6r du st\u00e4lla in din webbl\u00e4sare s\u00e5 att den tar emot cookies. En cookie \u00e4r en liten textfil som hj\u00e4lper VOTO att samla in opersonlig bes\u00f6ksstatistik i Google Analytics.\u00a0<\/p>\n\n\n\n<p>Cookien lagras p\u00e5 din dator tills du tar bort den via dina webbl\u00e4sarinst\u00e4llningar.\u00a0<\/p>\n\n\n\n<h2 class=\"wp-block-heading\">Kontakt<\/h2>\n\n\n\n<p>Om du har fr\u00e5gor ang\u00e5ende integritetspolicyn \u00e4r du v\u00e4lkommen att <strong>kontakta oss<\/strong>.\u00a0<\/p>\n\n\n\n<p>V\u00e4nligen,<br>Teamet p\u00e5 Voice of the Ocean<\/p>\n<\/div><\/div>\n","protected":false},"excerpt":{"rendered":"<p>Senast uppdaterad: 2022-04-04 Bakgrund Stiftelsen Voice of the Ocean (802481-2730) f\u00f6rkortas under ben\u00e4mningen VOTO.\u00a0\u00a0 Du hittar alltid den senaste versionen av v\u00e5ra villkor p\u00e5 v\u00e5r hemsida (h\u00e4r)&nbsp; N\u00e4r du l\u00e4mnar personuppgifter, till exempel n\u00e4r du registrerar dig f\u00f6r v\u00e5rt kostnadsfria nyhetsbrev, kommer du att f\u00e5 information om presonuppgiftsbehandling. I och med att du slutf\u00f6r registreringen [&hellip;]<\/p>\n","protected":false},"author":1,"featured_media":3392,"parent":0,"menu_order":80,"comment_status":"closed","ping_status":"closed","template":"no-title","meta":{"_acf_changed":false,"_uag_custom_page_level_css":"","footnotes":""},"class_list":["post-3672","page","type-page","status-publish","has-post-thumbnail","hentry"],"acf":[],"uagb_featured_image_src":{"full":["https:\/\/voiceoftheocean.org\/wp-content\/uploads\/2022\/10\/Privacy-policy-of-Voice-of-the-Ocean.jpg",1080,1080,false],"thumbnail":["https:\/\/voiceoftheocean.org\/wp-content\/uploads\/2022\/10\/Privacy-policy-of-Voice-of-the-Ocean-150x150.jpg",150,150,true],"medium":["https:\/\/voiceoftheocean.org\/wp-content\/uploads\/2022\/10\/Privacy-policy-of-Voice-of-the-Ocean-300x300.jpg",300,300,true],"medium_large":["https:\/\/voiceoftheocean.org\/wp-content\/uploads\/2022\/10\/Privacy-policy-of-Voice-of-the-Ocean-768x768.jpg",768,768,true],"large":["https:\/\/voiceoftheocean.org\/wp-content\/uploads\/2022\/10\/Privacy-policy-of-Voice-of-the-Ocean-1080x1080.jpg",1080,1080,true],"1536x1536":["https:\/\/voiceoftheocean.org\/wp-content\/uploads\/2022\/10\/Privacy-policy-of-Voice-of-the-Ocean.jpg",1080,1080,false],"2048x2048":["https:\/\/voiceoftheocean.org\/wp-content\/uploads\/2022\/10\/Privacy-policy-of-Voice-of-the-Ocean.jpg",1080,1080,false],"gform-image-choice-sm":["https:\/\/voiceoftheocean.org\/wp-content\/uploads\/2022\/10\/Privacy-policy-of-Voice-of-the-Ocean.jpg",300,300,false],"gform-image-choice-md":["https:\/\/voiceoftheocean.org\/wp-content\/uploads\/2022\/10\/Privacy-policy-of-Voice-of-the-Ocean.jpg",400,400,false],"gform-image-choice-lg":["https:\/\/voiceoftheocean.org\/wp-content\/uploads\/2022\/10\/Privacy-policy-of-Voice-of-the-Ocean.jpg",600,600,false]},"uagb_author_info":{"display_name":"Voice of the Ocean","author_link":"https:\/\/voiceoftheocean.org\/sv\/author\/voiceoftheocean2\/"},"uagb_comment_info":0,"uagb_excerpt":"Senast uppdaterad: 2022-04-04 Bakgrund Stiftelsen Voice of the Ocean (802481-2730) f\u00f6rkortas under ben\u00e4mningen VOTO.\u00a0\u00a0 Du hittar alltid den senaste versionen av v\u00e5ra villkor p\u00e5 v\u00e5r hemsida (h\u00e4r)&nbsp; N\u00e4r du l\u00e4mnar personuppgifter, till exempel n\u00e4r du registrerar dig f\u00f6r v\u00e5rt kostnadsfria nyhetsbrev, kommer du att f\u00e5 information om presonuppgiftsbehandling. I och med att du slutf\u00f6r registreringen&hellip;","_links":{"self":[{"href":"https:\/\/voiceoftheocean.org\/sv\/wp-json\/wp\/v2\/pages\/3672","targetHints":{"allow":["GET"]}}],"collection":[{"href":"https:\/\/voiceoftheocean.org\/sv\/wp-json\/wp\/v2\/pages"}],"about":[{"href":"https:\/\/voiceoftheocean.org\/sv\/wp-json\/wp\/v2\/types\/page"}],"author":[{"embeddable":true,"href":"https:\/\/voiceoftheocean.org\/sv\/wp-json\/wp\/v2\/users\/1"}],"replies":[{"embeddable":true,"href":"https:\/\/voiceoftheocean.org\/sv\/wp-json\/wp\/v2\/comments?post=3672"}],"version-history":[{"count":1,"href":"https:\/\/voiceoftheocean.org\/sv\/wp-json\/wp\/v2\/pages\/3672\/revisions"}],"predecessor-version":[{"id":3674,"href":"https:\/\/voiceoftheocean.org\/sv\/wp-json\/wp\/v2\/pages\/3672\/revisions\/3674"}],"wp:featuredmedia":[{"embeddable":true,"href":"https:\/\/voiceoftheocean.org\/sv\/wp-json\/wp\/v2\/media\/3392"}],"wp:attachment":[{"href":"https:\/\/voiceoftheocean.org\/sv\/wp-json\/wp\/v2\/media?parent=3672"}],"curies":[{"name":"wp","href":"https:\/\/api.w.org\/{rel}","templated":true}]}}